{"id":836,"date":"2023-11-02T09:52:43","date_gmt":"2023-11-02T13:52:43","guid":{"rendered":"https:\/\/phoenix.swlauriersb.vortexdev.com\/?page_id=836"},"modified":"2023-12-20T09:58:22","modified_gmt":"2023-12-20T14:58:22","slug":"bulletins-dinformation-pour-les-parents","status":"publish","type":"page","link":"https:\/\/phoenix.swlauriersb.vortexdev.com\/fr\/nouvelles\/bulletins-dinformation-pour-les-parents\/","title":{"rendered":"Bulletins d\u2019information pour les parents"},"content":{"rendered":"\n<p>Nous nous effor\u00e7ons de publier un bulletin d\u2019information par mois. Veuillez v\u00e9rifier r\u00e9guli\u00e8rement nos pages Facebook ou Instagram pour obtenir des nouvelles \u00e0 jour sur les \u00e9v\u00e9nements quotidiens se d\u00e9roulant \u00e0 l\u2019\u00e9cole alternative Phoenix.<\/p>\n","protected":false},"excerpt":{"rendered":"<p>Nous nous effor\u00e7ons de publier un bulletin d\u2019information par mois. Veuillez v\u00e9rifier r\u00e9guli\u00e8rement nos pages Facebook ou Instagram pour obtenir des nouvelles \u00e0 jour sur les \u00e9v\u00e9nements quotidiens se d\u00e9roulant \u00e0 l\u2019\u00e9cole alternative Phoenix.<\/p>\n","protected":false},"author":1,"featured_media":0,"parent":726,"menu_order":0,"comment_status":"closed","ping_status":"closed","template":"","meta":{"_acf_changed":false,"_relevanssi_hide_post":"","_relevanssi_hide_content":"","_relevanssi_pin_for_all":"","_relevanssi_pin_keywords":"","_relevanssi_unpin_keywords":"","_relevanssi_related_keywords":"","_relevanssi_related_include_ids":"","_relevanssi_related_exclude_ids":"","_relevanssi_related_no_append":"","_relevanssi_related_not_related":"","_relevanssi_related_posts":"","_relevanssi_noindex_reason":"","footnotes":""},"acf":[],"_links":{"self":[{"href":"https:\/\/phoenix.swlauriersb.vortexdev.com\/fr\/wp-json\/wp\/v2\/pages\/836"}],"collection":[{"href":"https:\/\/phoenix.swlauriersb.vortexdev.com\/fr\/wp-json\/wp\/v2\/pages"}],"about":[{"href":"https:\/\/phoenix.swlauriersb.vortexdev.com\/fr\/wp-json\/wp\/v2\/types\/page"}],"author":[{"embeddable":true,"href":"https:\/\/phoenix.swlauriersb.vortexdev.com\/fr\/wp-json\/wp\/v2\/users\/1"}],"replies":[{"embeddable":true,"href":"https:\/\/phoenix.swlauriersb.vortexdev.com\/fr\/wp-json\/wp\/v2\/comments?post=836"}],"version-history":[{"count":1,"href":"https:\/\/phoenix.swlauriersb.vortexdev.com\/fr\/wp-json\/wp\/v2\/pages\/836\/revisions"}],"predecessor-version":[{"id":837,"href":"https:\/\/phoenix.swlauriersb.vortexdev.com\/fr\/wp-json\/wp\/v2\/pages\/836\/revisions\/837"}],"up":[{"embeddable":true,"href":"https:\/\/phoenix.swlauriersb.vortexdev.com\/fr\/wp-json\/wp\/v2\/pages\/726"}],"wp:attachment":[{"href":"https:\/\/phoenix.swlauriersb.vortexdev.com\/fr\/wp-json\/wp\/v2\/media?parent=836"}],"curies":[{"name":"wp","href":"https:\/\/api.w.org\/{rel}","templated":true}]}}