{"id":757,"date":"2023-12-19T11:57:24","date_gmt":"2023-12-19T16:57:24","guid":{"rendered":"https:\/\/phoenix.swlauriersb.vortexdev.com\/?page_id=757"},"modified":"2024-03-20T15:49:21","modified_gmt":"2024-03-20T19:49:21","slug":"demande-dadmission","status":"publish","type":"page","link":"https:\/\/phoenix.swlauriersb.vortexdev.com\/fr\/demande-dadmission\/","title":{"rendered":"Demande d\u2019admission"},"content":{"rendered":"\n<h2 class=\"wp-block-heading\">Qui peut fr\u00e9quenter l\u2019\u00e9cole alternative Phoenix?<\/h2>\n\n\n\n<div class=\"wp-block-media-text is-stacked-on-mobile\" style=\"grid-template-columns:25% auto\"><figure class=\"wp-block-media-text__media\"><img loading=\"lazy\" decoding=\"async\" width=\"768\" height=\"1024\" src=\"http:\/\/phoenix.swlauriersb.vortexdev.com\/wp-content\/uploads\/sites\/3\/2023\/12\/Phoenix_How-to-apply_-students-with-map-768x1024.jpg\" alt=\"Students discussing in front of mural of the world\" class=\"wp-image-673 size-full\" title=\"\" srcset=\"https:\/\/phoenix.swlauriersb.vortexdev.com\/wp-content\/uploads\/sites\/3\/2023\/12\/Phoenix_How-to-apply_-students-with-map-768x1024.jpg 768w, https:\/\/phoenix.swlauriersb.vortexdev.com\/wp-content\/uploads\/sites\/3\/2023\/12\/Phoenix_How-to-apply_-students-with-map-225x300.jpg 225w, https:\/\/phoenix.swlauriersb.vortexdev.com\/wp-content\/uploads\/sites\/3\/2023\/12\/Phoenix_How-to-apply_-students-with-map-1152x1536.jpg 1152w, https:\/\/phoenix.swlauriersb.vortexdev.com\/wp-content\/uploads\/sites\/3\/2023\/12\/Phoenix_How-to-apply_-students-with-map-1536x2048.jpg 1536w, https:\/\/phoenix.swlauriersb.vortexdev.com\/wp-content\/uploads\/sites\/3\/2023\/12\/Phoenix_How-to-apply_-students-with-map-scaled.jpg 1920w\" sizes=\"(max-width: 768px) 100vw, 768px\" \/><\/figure><div class=\"wp-block-media-text__content\">\n<p>Le programme de l\u2019\u00e9cole alternative Phoenix commence en 3<sup>e<\/sup> secondaire. Les \u00e9l\u00e8ves doivent avoir r\u00e9ussi le 1<sup>er<\/sup> cycle du secondaire (2<sup>e<\/sup> secondaire) pour \u00eatre accept\u00e9s \u00e0 l\u2019\u00e9cole alternative Phoenix. Chaque demande est examin\u00e9e sur une base individuelle, et dans tous les cas, une entrevue est requise. Les \u00e9l\u00e8ves doivent avoir le potentiel acad\u00e9mique d\u2019obtenir un dipl\u00f4me d\u2019\u00e9tudes secondaires.<\/p>\n<\/div><\/div>\n\n\n\n<h2 class=\"wp-block-heading\">Faire une demande d\u2019admission \u00e0 l\u2019\u00e9cole alternative Phoenix<\/h2>\n\n\n\n<p>La premi\u00e8re \u00e9tape du processus d\u2019admission est de communiquer avec l\u2019\u00e9cole. Nous allons ensuite \u00e9valuer le dossier scolaire de votre enfant et d\u00e9terminer si sa demande remplit les conditions d\u2019admission \u00e0 l\u2019\u00e9cole alternative Phoenix. Nous communiquerons aussi avec l\u2019\u00e9cole que votre enfant fr\u00e9quente actuellement pour obtenir une recommandation.<\/p>\n\n\n\n<p>Une fois que nous avons \u00e9valu\u00e9 l\u2019admissibilit\u00e9 de votre enfant, et si une place est disponible, nous planifierons une entrevue. Durant l\u2019entrevue, nous expliquerons notre programme, notre philosophie et nos attentes, et nous apprendrons \u00e0 conna\u00eetre votre enfant ainsi que ses objectifs. L\u2019objectif de l\u2019entrevue est de d\u00e9terminer si notre \u00e9cole constitue un bon choix pour votre famille, et si votre enfant se sentira \u00e0 sa place dans notre \u00e9cole.<\/p>\n\n\n\n<p>Puisque notre programme est consid\u00e9r\u00e9 comme un programme d\u2019\u00e9tudes secondaires du secteur des jeunes, nous n\u2019offrons pas d\u2019options \u00e0 temps partiel et n\u2019offrons qu\u2019un horaire \u00e0 temps plein (36&nbsp;unit\u00e9s). Pour les \u00e9l\u00e8ves de 16&nbsp;ans et plus qui souhaitent poursuivre des \u00e9tudes \u00e0 temps partiel au sein du r\u00e9gime semestriel, l\u2019\u00e9ducation des adultes devrait \u00eatre envisag\u00e9e.<\/p>\n\n\n\n<p>Il est \u00e0 noter que nous ne pouvons pas accepter d\u2019\u00e9l\u00e8ves qui suivent actuellement un parcours de formation ax\u00e9e sur l\u2019emploi, car les \u00e9l\u00e8ves doivent avoir r\u00e9ussi le 1<sup>er<\/sup> cycle (2<sup>e<\/sup> secondaire) du secondaire pour \u00eatre admissibles \u00e0 fr\u00e9quenter la 3<sup>e<\/sup> secondaire \u00e0 l\u2019\u00e9cole alternative Phoenix; nous ne pouvons pas non plus accepter les \u00e9l\u00e8ves qui suivent des programmes de formation modifi\u00e9s.<\/p>\n\n\n\n<p>Les \u00e9l\u00e8ves qui souhaitent soumettre une demande d\u2019admission pour la 5<sup>e<\/sup> secondaire et qui auront 18&nbsp;ans au 30&nbsp;juin doivent \u00eatre en mesure d\u2019obtenir leur dipl\u00f4me pour \u00eatre admissible \u00e0 fr\u00e9quenter l\u2019\u00e9cole alternative Phoenix.<\/p>\n\n\n\n<p>La p\u00e9riode d\u2019inscription principale a lieu au cours des mois de mai, juin et juillet d\u2019une ann\u00e9e scolaire. Il n\u2019est pas rare qu\u2019une demande d\u2019admission se retrouve sur une liste d\u2019attente.<\/p>\n\n\n\n<p>La direction des diverses \u00e9coles secondaires peut diriger certains \u00e9l\u00e8ves vers l\u2019\u00e9cole alternative Phoenix, mais les \u00e9l\u00e8ves eux-m\u00eames, les parents et les tutrices ou tuteurs peuvent \u00e9galement se renseigner sur le programme.<\/p>\n\n\n\n<p>Nous acceptons les demandes d\u2019admission sur une base continue tout au long de l\u2019ann\u00e9e, si des places se lib\u00e8rent, mais uniquement jusqu\u2019\u00e0 la 3<sup>e<\/sup> \u00e9tape.<strong><br><\/strong><\/p>\n","protected":false},"excerpt":{"rendered":"<p>Qui peut fr\u00e9quenter l\u2019\u00e9cole alternative Phoenix? Le programme de l\u2019\u00e9cole alternative Phoenix commence en 3e secondaire. Les \u00e9l\u00e8ves doivent avoir r\u00e9ussi le 1er cycle du secondaire (2e secondaire) pour \u00eatre accept\u00e9s \u00e0 l\u2019\u00e9cole alternative Phoenix. Chaque demande est examin\u00e9e sur une base individuelle, et dans tous les cas, une entrevue est requise. Les \u00e9l\u00e8ves doivent&hellip;<\/p>\n","protected":false},"author":1,"featured_media":0,"parent":0,"menu_order":0,"comment_status":"closed","ping_status":"closed","template":"","meta":{"_acf_changed":false,"_relevanssi_hide_post":"","_relevanssi_hide_content":"","_relevanssi_pin_for_all":"","_relevanssi_pin_keywords":"","_relevanssi_unpin_keywords":"","_relevanssi_related_keywords":"","_relevanssi_related_include_ids":"","_relevanssi_related_exclude_ids":"","_relevanssi_related_no_append":"","_relevanssi_related_not_related":"","_relevanssi_related_posts":"","_relevanssi_noindex_reason":"","footnotes":""},"acf":[],"_links":{"self":[{"href":"https:\/\/phoenix.swlauriersb.vortexdev.com\/fr\/wp-json\/wp\/v2\/pages\/757"}],"collection":[{"href":"https:\/\/phoenix.swlauriersb.vortexdev.com\/fr\/wp-json\/wp\/v2\/pages"}],"about":[{"href":"https:\/\/phoenix.swlauriersb.vortexdev.com\/fr\/wp-json\/wp\/v2\/types\/page"}],"author":[{"embeddable":true,"href":"https:\/\/phoenix.swlauriersb.vortexdev.com\/fr\/wp-json\/wp\/v2\/users\/1"}],"replies":[{"embeddable":true,"href":"https:\/\/phoenix.swlauriersb.vortexdev.com\/fr\/wp-json\/wp\/v2\/comments?post=757"}],"version-history":[{"count":3,"href":"https:\/\/phoenix.swlauriersb.vortexdev.com\/fr\/wp-json\/wp\/v2\/pages\/757\/revisions"}],"predecessor-version":[{"id":1059,"href":"https:\/\/phoenix.swlauriersb.vortexdev.com\/fr\/wp-json\/wp\/v2\/pages\/757\/revisions\/1059"}],"wp:attachment":[{"href":"https:\/\/phoenix.swlauriersb.vortexdev.com\/fr\/wp-json\/wp\/v2\/media?parent=757"}],"curies":[{"name":"wp","href":"https:\/\/api.w.org\/{rel}","templated":true}]}}